{"id":9,"date":"2021-02-13T19:26:07","date_gmt":"2021-02-13T19:26:07","guid":{"rendered":"https:\/\/acessomei.thecnosystem.com.br\/?page_id=9"},"modified":"2021-02-17T19:21:45","modified_gmt":"2021-02-17T19:21:45","slug":"acesso-mei","status":"publish","type":"page","link":"https:\/\/acessomei.thecnosystem.com.br\/","title":{"rendered":"AcessoMEI"},"content":{"rendered":"\t\t<div data-elementor-type=\"wp-page\" data-elementor-id=\"9\" class=\"elementor elementor-9\" data-elementor-settings=\"[]\">\n\t\t\t\t\t\t<div class=\"elementor-inner\">\n\t\t\t\t\t\t\t<div class=\"elementor-section-wrap\">\n\t\t\t\t\t\t\t<section class=\"elementor-section elementor-top-section elementor-element elementor-element-093db13 elementor-section-stretched elementor-section-boxed elementor-section-height-default elementor-section-height-default\" data-id=\"093db13\" data-element_type=\"section\" data-settings=\"{&quot;stretch_section&quot;:&quot;section-stretched&quot;}\">\n\t\t\t\t\t\t<div class=\"elementor-container elementor-column-gap-default\">\n\t\t\t\t\t\t\t<div class=\"elementor-row\">\n\t\t\t\t\t<div class=\"elementor-column elementor-col-50 elementor-top-column elementor-element elementor-element-d8c46bb\" data-id=\"d8c46bb\" data-element_type=\"column\">\n\t\t\t<div class=\"elementor-column-wrap elementor-element-populated\">\n\t\t\t\t\t\t\t<div class=\"elementor-widget-wrap\">\n\t\t\t\t\t\t<div class=\"elementor-element elementor-element-c106f52 elementor-widget elementor-widget-image\" data-id=\"c106f52\" data-element_type=\"widget\" data-widget_type=\"image.default\">\n\t\t\t\t<div class=\"elementor-widget-container\">\n\t\t\t\t\t<div class=\"elementor-image\">\n\t\t\t\t\t\t\t\t\t\t<img width=\"750\" height=\"499\" src=\"https:\/\/acessomei.thecnosystem.com.br\/wp-content\/uploads\/2021\/02\/ACESSOMEI3.jpg\" class=\"attachment-large size-large\" alt=\"\" decoding=\"async\" loading=\"lazy\" srcset=\"https:\/\/acessomei.thecnosystem.com.br\/wp-content\/uploads\/2021\/02\/ACESSOMEI3.jpg 936w, https:\/\/acessomei.thecnosystem.com.br\/wp-content\/uploads\/2021\/02\/ACESSOMEI3-300x200.jpg 300w, https:\/\/acessomei.thecnosystem.com.br\/wp-content\/uploads\/2021\/02\/ACESSOMEI3-768x511.jpg 768w\" sizes=\"(max-width: 750px) 100vw, 750px\" style=\"width:100%;height:66.56%;max-width:936px;\" \/>\t\t\t\t\t\t\t\t\t\t\t<\/div>\n\t\t\t\t<\/div>\n\t\t\t\t<\/div>\n\t\t\t\t\t\t<\/div>\n\t\t\t\t\t<\/div>\n\t\t<\/div>\n\t\t\t\t<div class=\"elementor-column elementor-col-50 elementor-top-column elementor-element elementor-element-4c958b3\" data-id=\"4c958b3\" data-element_type=\"column\">\n\t\t\t<div class=\"elementor-column-wrap elementor-element-populated\">\n\t\t\t\t\t\t\t<div class=\"elementor-widget-wrap\">\n\t\t\t\t\t\t<div class=\"elementor-element elementor-element-d4906fb elementor-widget elementor-widget-text-editor\" data-id=\"d4906fb\" data-element_type=\"widget\" data-widget_type=\"text-editor.default\">\n\t\t\t\t<div class=\"elementor-widget-container\">\n\t\t\t\t\t<div class=\"elementor-text-editor elementor-clearfix\"><h4>As Vantagens De Cadastrar Seu CNPJ MEI<\/h4><div class=\"item\"><h4>Neg\u00f3cio Legal<\/h4><ul><li>Voc\u00ea ter\u00e1 uma empresa com CNPJ MEI cumprindo todas as obriga\u00e7\u00f5es legais por um baixo custo mensal.<\/li><\/ul><\/div><div class=\"item\"><h4>Benef\u00edcios do INSS<\/h4><ul><li>Basta pagar seu MEI para garantir aux\u00edlio doen\u00e7a, sal\u00e1rio-maternidade e aposentadoria por idade.<\/li><\/ul><\/div><div class=\"item\"><h4>Empr\u00e9stimo Facilitado<\/h4><ul><li>Com um CNPJ MEI, voc\u00ea tem cr\u00e9dito facilitado nos maiores Bancos do pa\u00eds<\/li><\/ul><\/div><\/div>\n\t\t\t\t<\/div>\n\t\t\t\t<\/div>\n\t\t\t\t\t\t<\/div>\n\t\t\t\t\t<\/div>\n\t\t<\/div>\n\t\t\t\t\t\t\t\t<\/div>\n\t\t\t\t\t<\/div>\n\t\t<\/section>\n\t\t\t\t<section class=\"elementor-section elementor-top-section elementor-element elementor-element-60c986a elementor-section-boxed elementor-section-height-default elementor-section-height-default\" data-id=\"60c986a\" data-element_type=\"section\">\n\t\t\t\t\t\t<div class=\"elementor-container elementor-column-gap-default\">\n\t\t\t\t\t\t\t<div class=\"elementor-row\">\n\t\t\t\t\t<div class=\"elementor-column elementor-col-100 elementor-top-column elementor-element elementor-element-d2f9418\" data-id=\"d2f9418\" data-element_type=\"column\">\n\t\t\t<div class=\"elementor-column-wrap\">\n\t\t\t\t\t\t\t<div class=\"elementor-widget-wrap\">\n\t\t\t\t\t\t\t\t<\/div>\n\t\t\t\t\t<\/div>\n\t\t<\/div>\n\t\t\t\t\t\t\t\t<\/div>\n\t\t\t\t\t<\/div>\n\t\t<\/section>\n\t\t\t\t<section class=\"elementor-section elementor-top-section elementor-element elementor-element-9175fca elementor-section-stretched elementor-section-boxed elementor-section-height-default elementor-section-height-default\" data-id=\"9175fca\" data-element_type=\"section\" data-settings=\"{&quot;stretch_section&quot;:&quot;section-stretched&quot;}\">\n\t\t\t\t\t\t<div class=\"elementor-container elementor-column-gap-default\">\n\t\t\t\t\t\t\t<div class=\"elementor-row\">\n\t\t\t\t\t<div class=\"elementor-column elementor-col-50 elementor-top-column elementor-element elementor-element-f3f7ffa\" data-id=\"f3f7ffa\" data-element_type=\"column\">\n\t\t\t<div class=\"elementor-column-wrap elementor-element-populated\">\n\t\t\t\t\t\t\t<div class=\"elementor-widget-wrap\">\n\t\t\t\t\t\t<div class=\"elementor-element elementor-element-b9685d6 elementor-widget elementor-widget-text-editor\" data-id=\"b9685d6\" data-element_type=\"widget\" data-widget_type=\"text-editor.default\">\n\t\t\t\t<div class=\"elementor-widget-container\">\n\t\t\t\t\t<div class=\"elementor-text-editor elementor-clearfix\"><div class=\"item\"><p>\u00a0<\/p><div class=\"home_sections row\"><div class=\"col-md-6 col-md-pull-6\"><h4>Altere o cadastro do seu CNPJ MEI<\/h4><div class=\"item\"><h4>Mudan\u00e7as de Atividades<\/h4><ul><li>Se voc\u00ea se interessou por outras \u00e1reas e deseja mudar a atividade exercida, fa\u00e7a a atualiza\u00e7\u00e3o de seu Cadastro do CNPJ MEI conosco de forma r\u00e1pida e segura.<\/li><\/ul><\/div><div class=\"item\"><h4>Fa\u00e7a quantas altera\u00e7\u00f5es precisar<\/h4><ul><li>Al\u00e9m da mudan\u00e7a de atividade, o MEI tamb\u00e9m pode alterar nome fantasia, endere\u00e7o, telefone e v\u00e1rios outros dados do seu CNPJ MEI.<\/li><\/ul><\/div><div class=\"item\"><h4>Mantenha seus dados sempre atualizados<\/h4><ul><li>Com seus dados atualizados fica muito mais conseguir mais vantagens empr\u00e9stimos.<\/li><\/ul><\/div><\/div><\/div><div class=\"home_sections row\">\u00a0<\/div><p>\u00a0<\/p><\/div><\/div>\n\t\t\t\t<\/div>\n\t\t\t\t<\/div>\n\t\t\t\t\t\t<\/div>\n\t\t\t\t\t<\/div>\n\t\t<\/div>\n\t\t\t\t<div class=\"elementor-column elementor-col-50 elementor-top-column elementor-element elementor-element-6dc4f1f\" data-id=\"6dc4f1f\" data-element_type=\"column\">\n\t\t\t<div class=\"elementor-column-wrap elementor-element-populated\">\n\t\t\t\t\t\t\t<div class=\"elementor-widget-wrap\">\n\t\t\t\t\t\t<div class=\"elementor-element elementor-element-653c660 elementor-widget elementor-widget-image\" data-id=\"653c660\" data-element_type=\"widget\" data-widget_type=\"image.default\">\n\t\t\t\t<div class=\"elementor-widget-container\">\n\t\t\t\t\t<div class=\"elementor-image\">\n\t\t\t\t\t\t\t\t\t\t<img width=\"626\" height=\"417\" src=\"https:\/\/acessomei.thecnosystem.com.br\/wp-content\/uploads\/2021\/02\/acesso3.jpg\" class=\"attachment-large size-large\" alt=\"\" decoding=\"async\" loading=\"lazy\" srcset=\"https:\/\/acessomei.thecnosystem.com.br\/wp-content\/uploads\/2021\/02\/acesso3.jpg 626w, https:\/\/acessomei.thecnosystem.com.br\/wp-content\/uploads\/2021\/02\/acesso3-300x200.jpg 300w\" sizes=\"(max-width: 626px) 100vw, 626px\" style=\"width:100%;height:66.61%;max-width:626px;\" \/>\t\t\t\t\t\t\t\t\t\t\t<\/div>\n\t\t\t\t<\/div>\n\t\t\t\t<\/div>\n\t\t\t\t\t\t<\/div>\n\t\t\t\t\t<\/div>\n\t\t<\/div>\n\t\t\t\t\t\t\t\t<\/div>\n\t\t\t\t\t<\/div>\n\t\t<\/section>\n\t\t\t\t<section class=\"elementor-section elementor-top-section elementor-element elementor-element-07dcb43 elementor-section-stretched elementor-section-boxed elementor-section-height-default elementor-section-height-default\" data-id=\"07dcb43\" data-element_type=\"section\" data-settings=\"{&quot;stretch_section&quot;:&quot;section-stretched&quot;}\">\n\t\t\t\t\t\t<div class=\"elementor-container elementor-column-gap-default\">\n\t\t\t\t\t\t\t<div class=\"elementor-row\">\n\t\t\t\t\t<div class=\"elementor-column elementor-col-50 elementor-top-column elementor-element elementor-element-76c68cf\" data-id=\"76c68cf\" data-element_type=\"column\">\n\t\t\t<div class=\"elementor-column-wrap elementor-element-populated\">\n\t\t\t\t\t\t\t<div class=\"elementor-widget-wrap\">\n\t\t\t\t\t\t<div class=\"elementor-element elementor-element-09d22ac elementor-widget elementor-widget-image\" data-id=\"09d22ac\" data-element_type=\"widget\" data-widget_type=\"image.default\">\n\t\t\t\t<div class=\"elementor-widget-container\">\n\t\t\t\t\t<div class=\"elementor-image\">\n\t\t\t\t\t\t\t\t\t\t<img width=\"710\" height=\"473\" src=\"https:\/\/acessomei.thecnosystem.com.br\/wp-content\/uploads\/2021\/02\/acesso5.jpg\" class=\"attachment-large size-large\" alt=\"\" decoding=\"async\" loading=\"lazy\" srcset=\"https:\/\/acessomei.thecnosystem.com.br\/wp-content\/uploads\/2021\/02\/acesso5.jpg 710w, https:\/\/acessomei.thecnosystem.com.br\/wp-content\/uploads\/2021\/02\/acesso5-300x200.jpg 300w\" sizes=\"(max-width: 710px) 100vw, 710px\" style=\"width:100%;height:66.62%;max-width:710px;\" \/>\t\t\t\t\t\t\t\t\t\t\t<\/div>\n\t\t\t\t<\/div>\n\t\t\t\t<\/div>\n\t\t\t\t\t\t<\/div>\n\t\t\t\t\t<\/div>\n\t\t<\/div>\n\t\t\t\t<div class=\"elementor-column elementor-col-50 elementor-top-column elementor-element elementor-element-2f56643\" data-id=\"2f56643\" data-element_type=\"column\">\n\t\t\t<div class=\"elementor-column-wrap elementor-element-populated\">\n\t\t\t\t\t\t\t<div class=\"elementor-widget-wrap\">\n\t\t\t\t\t\t<div class=\"elementor-element elementor-element-40017a6 elementor-widget elementor-widget-text-editor\" data-id=\"40017a6\" data-element_type=\"widget\" data-widget_type=\"text-editor.default\">\n\t\t\t\t<div class=\"elementor-widget-container\">\n\t\t\t\t\t<div class=\"elementor-text-editor elementor-clearfix\"><div class=\"item\"><div class=\"home_sections row\"><div class=\"col-md-6 col-md-pull-6\"><h4>D\u00ea Baixa no seu CNPJ MEI em poucos minutos<\/h4><div class=\"item\"><ul><li>Cancelar CNPJ MEI<\/li><li>Encerre suas atividades MEI agora mesmo sem complica\u00e7\u00e3o.<\/li><\/ul><\/div><div class=\"item\"><h4>Fa\u00e7a o encerramento formal de seu MEI<\/h4><ul><li>D\u00ea baixa em seu CNPJ MEI corretamente e evite pend\u00eancias futuras.<\/li><\/ul><\/div><div class=\"item\"><h4>D\u00ea baixa mesmo com d\u00e9bitos<\/h4><ul><li>Possui d\u00e9bitos em aberto e deseja dar baixa em seu CNPJ MEI? Fa\u00e7a o processo completo aqui<\/li><\/ul><\/div><\/div><\/div><\/div><\/div>\n\t\t\t\t<\/div>\n\t\t\t\t<\/div>\n\t\t\t\t\t\t<\/div>\n\t\t\t\t\t<\/div>\n\t\t<\/div>\n\t\t\t\t\t\t\t\t<\/div>\n\t\t\t\t\t<\/div>\n\t\t<\/section>\n\t\t\t\t<section class=\"elementor-section elementor-top-section elementor-element elementor-element-2f05b47 elementor-section-stretched elementor-section-boxed elementor-section-height-default elementor-section-height-default\" data-id=\"2f05b47\" data-element_type=\"section\" data-settings=\"{&quot;stretch_section&quot;:&quot;section-stretched&quot;}\">\n\t\t\t\t\t\t<div class=\"elementor-container elementor-column-gap-default\">\n\t\t\t\t\t\t\t<div class=\"elementor-row\">\n\t\t\t\t\t<div class=\"elementor-column elementor-col-25 elementor-top-column elementor-element elementor-element-8bda8dd\" data-id=\"8bda8dd\" data-element_type=\"column\">\n\t\t\t<div class=\"elementor-column-wrap\">\n\t\t\t\t\t\t\t<div class=\"elementor-widget-wrap\">\n\t\t\t\t\t\t\t\t<\/div>\n\t\t\t\t\t<\/div>\n\t\t<\/div>\n\t\t\t\t<div class=\"elementor-column elementor-col-25 elementor-top-column elementor-element elementor-element-02b6334\" data-id=\"02b6334\" data-element_type=\"column\">\n\t\t\t<div class=\"elementor-column-wrap elementor-element-populated\">\n\t\t\t\t\t\t\t<div class=\"elementor-widget-wrap\">\n\t\t\t\t\t\t<div class=\"elementor-element elementor-element-e22ae0f elementor-widget elementor-widget-heading\" data-id=\"e22ae0f\" data-element_type=\"widget\" data-widget_type=\"heading.default\">\n\t\t\t\t<div class=\"elementor-widget-container\">\n\t\t\t<h2 class=\"elementor-heading-title elementor-size-default\">Parceiros<\/h2>\t\t<\/div>\n\t\t\t\t<\/div>\n\t\t\t\t\t\t<\/div>\n\t\t\t\t\t<\/div>\n\t\t<\/div>\n\t\t\t\t<div class=\"elementor-column elementor-col-25 elementor-top-column elementor-element elementor-element-a672765\" data-id=\"a672765\" data-element_type=\"column\">\n\t\t\t<div class=\"elementor-column-wrap\">\n\t\t\t\t\t\t\t<div class=\"elementor-widget-wrap\">\n\t\t\t\t\t\t\t\t<\/div>\n\t\t\t\t\t<\/div>\n\t\t<\/div>\n\t\t\t\t<div class=\"elementor-column elementor-col-25 elementor-top-column elementor-element elementor-element-be9da7b\" data-id=\"be9da7b\" data-element_type=\"column\">\n\t\t\t<div class=\"elementor-column-wrap\">\n\t\t\t\t\t\t\t<div class=\"elementor-widget-wrap\">\n\t\t\t\t\t\t\t\t<\/div>\n\t\t\t\t\t<\/div>\n\t\t<\/div>\n\t\t\t\t\t\t\t\t<\/div>\n\t\t\t\t\t<\/div>\n\t\t<\/section>\n\t\t\t\t<section class=\"elementor-section elementor-top-section elementor-element elementor-element-46ba4fc elementor-section-stretched elementor-section-boxed elementor-section-height-default elementor-section-height-default\" data-id=\"46ba4fc\" data-element_type=\"section\" data-settings=\"{&quot;stretch_section&quot;:&quot;section-stretched&quot;}\">\n\t\t\t\t\t\t<div class=\"elementor-container elementor-column-gap-default\">\n\t\t\t\t\t\t\t<div class=\"elementor-row\">\n\t\t\t\t\t<div class=\"elementor-column elementor-col-25 elementor-top-column elementor-element elementor-element-14004bc\" data-id=\"14004bc\" data-element_type=\"column\">\n\t\t\t<div class=\"elementor-column-wrap elementor-element-populated\">\n\t\t\t\t\t\t\t<div class=\"elementor-widget-wrap\">\n\t\t\t\t\t\t<div class=\"elementor-element elementor-element-5b30b81 elementor-widget elementor-widget-image\" data-id=\"5b30b81\" data-element_type=\"widget\" data-widget_type=\"image.default\">\n\t\t\t\t<div class=\"elementor-widget-container\">\n\t\t\t\t\t<div class=\"elementor-image\">\n\t\t\t\t\t\t\t\t\t\t<img width=\"326\" height=\"61\" src=\"https:\/\/acessomei.thecnosystem.com.br\/wp-content\/uploads\/2021\/02\/ti7.fw_.png\" class=\"attachment-large size-large\" alt=\"\" decoding=\"async\" loading=\"lazy\" srcset=\"https:\/\/acessomei.thecnosystem.com.br\/wp-content\/uploads\/2021\/02\/ti7.fw_.png 326w, https:\/\/acessomei.thecnosystem.com.br\/wp-content\/uploads\/2021\/02\/ti7.fw_-300x56.png 300w\" sizes=\"(max-width: 326px) 100vw, 326px\" style=\"width:100%;height:18.71%;max-width:326px;\" \/>\t\t\t\t\t\t\t\t\t\t\t<\/div>\n\t\t\t\t<\/div>\n\t\t\t\t<\/div>\n\t\t\t\t\t\t<\/div>\n\t\t\t\t\t<\/div>\n\t\t<\/div>\n\t\t\t\t<div class=\"elementor-column elementor-col-25 elementor-top-column elementor-element elementor-element-ae6a25c\" data-id=\"ae6a25c\" data-element_type=\"column\">\n\t\t\t<div class=\"elementor-column-wrap elementor-element-populated\">\n\t\t\t\t\t\t\t<div class=\"elementor-widget-wrap\">\n\t\t\t\t\t\t<div class=\"elementor-element elementor-element-802ad2e elementor-widget elementor-widget-image\" data-id=\"802ad2e\" data-element_type=\"widget\" data-widget_type=\"image.default\">\n\t\t\t\t<div class=\"elementor-widget-container\">\n\t\t\t\t\t<div class=\"elementor-image\">\n\t\t\t\t\t\t\t\t\t\t\t<a href=\"https:\/\/classiwhats.com.br\/\" target=\"_blank\">\n\t\t\t\t\t\t\t<img width=\"300\" height=\"47\" src=\"https:\/\/acessomei.thecnosystem.com.br\/wp-content\/uploads\/2021\/02\/classiwhats.png\" class=\"attachment-large size-large\" alt=\"\" decoding=\"async\" loading=\"lazy\" style=\"width:100%;height:15.67%;max-width:300px;\" \/>\t\t\t\t\t\t\t\t<\/a>\n\t\t\t\t\t\t\t\t\t\t\t<\/div>\n\t\t\t\t<\/div>\n\t\t\t\t<\/div>\n\t\t\t\t\t\t<\/div>\n\t\t\t\t\t<\/div>\n\t\t<\/div>\n\t\t\t\t<div class=\"elementor-column elementor-col-25 elementor-top-column elementor-element elementor-element-0251b45\" data-id=\"0251b45\" data-element_type=\"column\">\n\t\t\t<div class=\"elementor-column-wrap elementor-element-populated\">\n\t\t\t\t\t\t\t<div class=\"elementor-widget-wrap\">\n\t\t\t\t\t\t<div class=\"elementor-element elementor-element-1e64933 elementor-widget elementor-widget-image\" data-id=\"1e64933\" data-element_type=\"widget\" data-widget_type=\"image.default\">\n\t\t\t\t<div class=\"elementor-widget-container\">\n\t\t\t\t\t<div class=\"elementor-image\">\n\t\t\t\t\t\t\t\t\t\t<img width=\"300\" height=\"153\" src=\"https:\/\/acessomei.thecnosystem.com.br\/wp-content\/uploads\/2021\/02\/cashmd.fw_-300x153-2.png\" class=\"attachment-large size-large\" alt=\"\" decoding=\"async\" loading=\"lazy\" style=\"width:100%;height:51%;max-width:300px;\" \/>\t\t\t\t\t\t\t\t\t\t\t<\/div>\n\t\t\t\t<\/div>\n\t\t\t\t<\/div>\n\t\t\t\t\t\t<\/div>\n\t\t\t\t\t<\/div>\n\t\t<\/div>\n\t\t\t\t<div class=\"elementor-column elementor-col-25 elementor-top-column elementor-element elementor-element-50ce449\" data-id=\"50ce449\" data-element_type=\"column\">\n\t\t\t<div class=\"elementor-column-wrap elementor-element-populated\">\n\t\t\t\t\t\t\t<div class=\"elementor-widget-wrap\">\n\t\t\t\t\t\t<div class=\"elementor-element elementor-element-ceb0990 elementor-widget elementor-widget-image\" data-id=\"ceb0990\" data-element_type=\"widget\" data-widget_type=\"image.default\">\n\t\t\t\t<div class=\"elementor-widget-container\">\n\t\t\t\t\t<div class=\"elementor-image\">\n\t\t\t\t\t\t\t\t\t\t\t<a href=\"https:\/\/myzapmenu.com.br\/\" target=\"_blank\">\n\t\t\t\t\t\t\t<img width=\"214\" height=\"88\" src=\"https:\/\/acessomei.thecnosystem.com.br\/wp-content\/uploads\/2021\/02\/myzap.fw_.png\" class=\"attachment-large size-large\" alt=\"\" decoding=\"async\" loading=\"lazy\" style=\"width:100%;height:41.12%;max-width:214px;\" \/>\t\t\t\t\t\t\t\t<\/a>\n\t\t\t\t\t\t\t\t\t\t\t<\/div>\n\t\t\t\t<\/div>\n\t\t\t\t<\/div>\n\t\t\t\t\t\t<\/div>\n\t\t\t\t\t<\/div>\n\t\t<\/div>\n\t\t\t\t\t\t\t\t<\/div>\n\t\t\t\t\t<\/div>\n\t\t<\/section>\n\t\t\t\t\t\t<\/div>\n\t\t\t\t\t\t<\/div>\n\t\t\t\t\t<\/div>\n\t\t","protected":false},"excerpt":{"rendered":"<p>As Vantagens De Cadastrar Seu CNPJ MEI Neg\u00f3cio Legal Voc\u00ea ter\u00e1 uma empresa com CNPJ MEI cumprindo todas as obriga\u00e7\u00f5es legais por um baixo custo mensal. Benef\u00edcios do INSS Basta pagar seu MEI para garantir aux\u00edlio doen\u00e7a, sal\u00e1rio-maternidade e aposentadoria por idade. Empr\u00e9stimo Facilitado Com um CNPJ MEI, voc\u00ea tem cr\u00e9dito facilitado nos maiores Bancos&hellip; <a class=\"more-link\" href=\"https:\/\/acessomei.thecnosystem.com.br\/\">Continuar lendo <span class=\"screen-reader-text\">AcessoMEI<\/span><\/a><\/p>\n","protected":false},"author":1,"featured_media":0,"parent":0,"menu_order":0,"comment_status":"closed","ping_status":"closed","template":"elementor_header_footer","meta":[],"_links":{"self":[{"href":"https:\/\/acessomei.thecnosystem.com.br\/index.php\/wp-json\/wp\/v2\/pages\/9"}],"collection":[{"href":"https:\/\/acessomei.thecnosystem.com.br\/index.php\/wp-json\/wp\/v2\/pages"}],"about":[{"href":"https:\/\/acessomei.thecnosystem.com.br\/index.php\/wp-json\/wp\/v2\/types\/page"}],"author":[{"embeddable":true,"href":"https:\/\/acessomei.thecnosystem.com.br\/index.php\/wp-json\/wp\/v2\/users\/1"}],"replies":[{"embeddable":true,"href":"https:\/\/acessomei.thecnosystem.com.br\/index.php\/wp-json\/wp\/v2\/comments?post=9"}],"version-history":[{"count":72,"href":"https:\/\/acessomei.thecnosystem.com.br\/index.php\/wp-json\/wp\/v2\/pages\/9\/revisions"}],"predecessor-version":[{"id":372,"href":"https:\/\/acessomei.thecnosystem.com.br\/index.php\/wp-json\/wp\/v2\/pages\/9\/revisions\/372"}],"wp:attachment":[{"href":"https:\/\/acessomei.thecnosystem.com.br\/index.php\/wp-json\/wp\/v2\/media?parent=9"}],"curies":[{"name":"wp","href":"https:\/\/api.w.org\/{rel}","templated":true}]}}